{"id":1015,"date":"2022-08-28T11:07:58","date_gmt":"2022-08-28T09:07:58","guid":{"rendered":"https:\/\/weihnachtenfueralle-spandau.de\/?page_id=1015"},"modified":"2022-08-28T11:17:05","modified_gmt":"2022-08-28T09:17:05","slug":"wfa-komet","status":"publish","type":"page","link":"https:\/\/weihnachtenfueralle-spandau.de\/?page_id=1015","title":{"rendered":"WfA Komet"},"content":{"rendered":"\t\t<div data-elementor-type=\"wp-page\" data-elementor-id=\"1015\" class=\"elementor elementor-1015\" data-elementor-post-type=\"page\">\n\t\t\t\t\t\t<section class=\"elementor-section elementor-top-section elementor-element elementor-element-acf4d06 elementor-section-boxed elementor-section-height-default elementor-section-height-default\" data-id=\"acf4d06\" data-element_type=\"section\" data-e-type=\"section\">\n\t\t\t\t\t\t<div class=\"elementor-container elementor-column-gap-default\">\n\t\t\t\t\t<div class=\"elementor-column elementor-col-100 elementor-top-column elementor-element elementor-element-48d2651\" data-id=\"48d2651\" data-element_type=\"column\" data-e-type=\"column\">\n\t\t\t<div class=\"elementor-widget-wrap elementor-element-populated\">\n\t\t\t\t\t\t<div class=\"elementor-element elementor-element-222f8ab elementor-widget elementor-widget-text-editor\" data-id=\"222f8ab\" data-element_type=\"widget\" data-e-type=\"widget\" data-widget_type=\"text-editor.default\">\n\t\t\t\t<div class=\"elementor-widget-container\">\n\t\t\t\t\t\t\t\t\t<p><strong>WfA \u2013 Aktion 2022\u00a0 \u00a0 \u201eWfA Komet\u201c<\/strong><\/p><p>Eine kleine Weihnachtsaufmerksamkeit, die Freude verschenkt.<\/p><p>Die WfA Weihnachtskugel am Tannenzweig in der Kometvase.<\/p><p>Ein nette Advent\u00fcberraschung f\u00fcr jeden Tisch.<\/p><p>Doppelte Freude verschenken.<\/p><p>Preis\u00a0 \u00a0Euro\u00a0 12,50<\/p><p>Durch den Erwerb unterst\u00fctzen sie die WfA &#8211; Aktion.<\/p>\t\t\t\t\t\t\t\t<\/div>\n\t\t\t\t<\/div>\n\t\t\t\t\t<\/div>\n\t\t<\/div>\n\t\t\t\t\t<\/div>\n\t\t<\/section>\n\t\t\t\t<section class=\"elementor-section elementor-top-section elementor-element elementor-element-7bd261c elementor-section-boxed elementor-section-height-default elementor-section-height-default\" data-id=\"7bd261c\" data-element_type=\"section\" data-e-type=\"section\">\n\t\t\t\t\t\t<div class=\"elementor-container elementor-column-gap-default\">\n\t\t\t\t\t<div class=\"elementor-column elementor-col-100 elementor-top-column elementor-element elementor-element-c4a85fc\" data-id=\"c4a85fc\" data-element_type=\"column\" data-e-type=\"column\">\n\t\t\t<div class=\"elementor-widget-wrap elementor-element-populated\">\n\t\t\t\t\t\t<div class=\"elementor-element elementor-element-8f11d42 elementor-widget elementor-widget-image\" data-id=\"8f11d42\" data-element_type=\"widget\" data-e-type=\"widget\" data-widget_type=\"image.default\">\n\t\t\t\t<div class=\"elementor-widget-container\">\n\t\t\t\t\t\t\t\t\t\t\t\t\t\t\t\t<a href=\"https:\/\/i0.wp.com\/weihnachtenfueralle-spandau.de\/wp-content\/uploads\/2022\/08\/Zweig.jpg?ssl=1\" data-elementor-open-lightbox=\"yes\" data-elementor-lightbox-title=\"Zweig\" data-e-action-hash=\"#elementor-action%3Aaction%3Dlightbox%26settings%3DeyJpZCI6MTAyMCwidXJsIjoiaHR0cHM6XC9cL3dlaWhuYWNodGVuZnVlcmFsbGUtc3BhbmRhdS5kZVwvd3AtY29udGVudFwvdXBsb2Fkc1wvMjAyMlwvMDhcL1p3ZWlnLmpwZyJ9\">\n\t\t\t\t\t\t\t<img fetchpriority=\"high\" decoding=\"async\" width=\"346\" height=\"600\" src=\"https:\/\/i0.wp.com\/weihnachtenfueralle-spandau.de\/wp-content\/uploads\/2022\/08\/Zweig.jpg?fit=346%2C600&amp;ssl=1\" class=\"attachment-large size-large wp-image-1020\" alt=\"WfA Komet\" srcset=\"https:\/\/i0.wp.com\/weihnachtenfueralle-spandau.de\/wp-content\/uploads\/2022\/08\/Zweig.jpg?w=346&amp;ssl=1 346w, https:\/\/i0.wp.com\/weihnachtenfueralle-spandau.de\/wp-content\/uploads\/2022\/08\/Zweig.jpg?resize=173%2C300&amp;ssl=1 173w\" sizes=\"(max-width: 346px) 100vw, 346px\" \/>\t\t\t\t\t\t\t\t<\/a>\n\t\t\t\t\t\t\t\t\t\t\t\t\t\t\t<\/div>\n\t\t\t\t<\/div>\n\t\t\t\t\t<\/div>\n\t\t<\/div>\n\t\t\t\t\t<\/div>\n\t\t<\/section>\n\t\t\t\t<\/div>\n\t\t","protected":false},"excerpt":{"rendered":"<p>WfA \u2013 Aktion 2022&nbsp; &nbsp; \u201eWfA Komet\u201c Eine kleine Weihnachtsaufmerksamkeit, die Freude verschenkt. Die WfA Weihnachtskugel am Tannenzweig in der Kometvase. Ein nette Advent\u00fcberraschung f\u00fcr jeden Tisch. Doppelte Freude verschenken. Preis&nbsp; &nbsp;Euro&nbsp; 12,50 Durch den Erwerb unterst\u00fctzen sie die WfA &#8211; Aktion.<\/p>\n","protected":false},"author":1,"featured_media":0,"parent":0,"menu_order":0,"comment_status":"closed","ping_status":"closed","template":"","meta":{"footnotes":""},"class_list":["post-1015","page","type-page","status-publish"],"jetpack_sharing_enabled":true,"_links":{"self":[{"href":"https:\/\/weihnachtenfueralle-spandau.de\/index.php?rest_route=\/wp\/v2\/pages\/1015","targetHints":{"allow":["GET"]}}],"collection":[{"href":"https:\/\/weihnachtenfueralle-spandau.de\/index.php?rest_route=\/wp\/v2\/pages"}],"about":[{"href":"https:\/\/weihnachtenfueralle-spandau.de\/index.php?rest_route=\/wp\/v2\/types\/page"}],"author":[{"embeddable":true,"href":"https:\/\/weihnachtenfueralle-spandau.de\/index.php?rest_route=\/wp\/v2\/users\/1"}],"replies":[{"embeddable":true,"href":"https:\/\/weihnachtenfueralle-spandau.de\/index.php?rest_route=%2Fwp%2Fv2%2Fcomments&post=1015"}],"version-history":[{"count":12,"href":"https:\/\/weihnachtenfueralle-spandau.de\/index.php?rest_route=\/wp\/v2\/pages\/1015\/revisions"}],"predecessor-version":[{"id":1033,"href":"https:\/\/weihnachtenfueralle-spandau.de\/index.php?rest_route=\/wp\/v2\/pages\/1015\/revisions\/1033"}],"wp:attachment":[{"href":"https:\/\/weihnachtenfueralle-spandau.de\/index.php?rest_route=%2Fwp%2Fv2%2Fmedia&parent=1015"}],"curies":[{"name":"wp","href":"https:\/\/api.w.org\/{rel}","templated":true}]}}