{"id":1186,"date":"2023-03-21T12:41:44","date_gmt":"2023-03-21T11:41:44","guid":{"rendered":"https:\/\/weihnachtenfueralle-spandau.de\/?page_id=1186"},"modified":"2023-03-21T12:59:31","modified_gmt":"2023-03-21T11:59:31","slug":"sponsoren-unterstuetzer","status":"publish","type":"page","link":"https:\/\/weihnachtenfueralle-spandau.de\/?page_id=1186","title":{"rendered":"WfA Sponsoren &#038; Unterst\u00fctzer"},"content":{"rendered":"\t\t<div data-elementor-type=\"wp-page\" data-elementor-id=\"1186\" class=\"elementor elementor-1186\" data-elementor-post-type=\"page\">\n\t\t\t\t\t\t<section class=\"elementor-section elementor-top-section elementor-element elementor-element-3b5ed44 elementor-section-boxed elementor-section-height-default elementor-section-height-default\" data-id=\"3b5ed44\" data-element_type=\"section\" data-e-type=\"section\">\n\t\t\t\t\t\t<div class=\"elementor-container elementor-column-gap-default\">\n\t\t\t\t\t<div class=\"elementor-column elementor-col-100 elementor-top-column elementor-element elementor-element-d889cdb\" data-id=\"d889cdb\" data-element_type=\"column\" data-e-type=\"column\">\n\t\t\t<div class=\"elementor-widget-wrap elementor-element-populated\">\n\t\t\t\t\t\t<div class=\"elementor-element elementor-element-0112e2b animated-slow elementor-invisible elementor-widget elementor-widget-image\" data-id=\"0112e2b\" data-element_type=\"widget\" data-e-type=\"widget\" data-settings=\"{&quot;_animation&quot;:&quot;fadeInLeft&quot;,&quot;_animation_delay&quot;:600}\" data-widget_type=\"image.default\">\n\t\t\t\t<div class=\"elementor-widget-container\">\n\t\t\t\t\t\t\t\t\t\t\t\t\t\t\t<img fetchpriority=\"high\" decoding=\"async\" width=\"300\" height=\"177\" src=\"https:\/\/i0.wp.com\/weihnachtenfueralle-spandau.de\/wp-content\/uploads\/2022\/11\/Santa-Schlitten_1.png?fit=300%2C177&amp;ssl=1\" class=\"attachment-medium size-medium wp-image-1125\" alt=\"\" srcset=\"https:\/\/i0.wp.com\/weihnachtenfueralle-spandau.de\/wp-content\/uploads\/2022\/11\/Santa-Schlitten_1.png?w=1000&amp;ssl=1 1000w, https:\/\/i0.wp.com\/weihnachtenfueralle-spandau.de\/wp-content\/uploads\/2022\/11\/Santa-Schlitten_1.png?resize=300%2C177&amp;ssl=1 300w, https:\/\/i0.wp.com\/weihnachtenfueralle-spandau.de\/wp-content\/uploads\/2022\/11\/Santa-Schlitten_1.png?resize=768%2C452&amp;ssl=1 768w\" sizes=\"(max-width: 300px) 100vw, 300px\" \/>\t\t\t\t\t\t\t\t\t\t\t\t\t\t\t<\/div>\n\t\t\t\t<\/div>\n\t\t\t\t\t<\/div>\n\t\t<\/div>\n\t\t\t\t\t<\/div>\n\t\t<\/section>\n\t\t\t\t<section class=\"elementor-section elementor-top-section elementor-element elementor-element-cb75ea0 elementor-section-boxed elementor-section-height-default elementor-section-height-default\" data-id=\"cb75ea0\" data-element_type=\"section\" data-e-type=\"section\">\n\t\t\t\t\t\t<div class=\"elementor-container elementor-column-gap-default\">\n\t\t\t\t\t<div class=\"elementor-column elementor-col-100 elementor-top-column elementor-element elementor-element-bc78657\" data-id=\"bc78657\" data-element_type=\"column\" data-e-type=\"column\">\n\t\t\t<div class=\"elementor-widget-wrap elementor-element-populated\">\n\t\t\t\t\t\t<div class=\"elementor-element elementor-element-e3e51ec elementor-widget elementor-widget-text-editor\" data-id=\"e3e51ec\" data-element_type=\"widget\" data-e-type=\"widget\" data-widget_type=\"text-editor.default\">\n\t\t\t\t<div class=\"elementor-widget-container\">\n\t\t\t\t\t\t\t\t\t<p style=\"text-align: center;\"><strong>Wir bedanken uns bei unseren Sponsoren und Partnern f\u00fcr die tolle &amp; gro\u00dfz\u00fcgige Unterst\u00fctzung!<\/strong><\/p>\t\t\t\t\t\t\t\t<\/div>\n\t\t\t\t<\/div>\n\t\t\t\t<div class=\"elementor-element elementor-element-dc27c14 elementor-widget elementor-widget-spacer\" data-id=\"dc27c14\" data-element_type=\"widget\" data-e-type=\"widget\" data-widget_type=\"spacer.default\">\n\t\t\t\t<div class=\"elementor-widget-container\">\n\t\t\t\t\t\t\t<div class=\"elementor-spacer\">\n\t\t\t<div class=\"elementor-spacer-inner\"><\/div>\n\t\t<\/div>\n\t\t\t\t\t\t<\/div>\n\t\t\t\t<\/div>\n\t\t\t\t\t<\/div>\n\t\t<\/div>\n\t\t\t\t\t<\/div>\n\t\t<\/section>\n\t\t\t\t<section class=\"elementor-section elementor-top-section elementor-element elementor-element-6280368 elementor-section-boxed elementor-section-height-default elementor-section-height-default\" data-id=\"6280368\" data-element_type=\"section\" data-e-type=\"section\">\n\t\t\t\t\t\t<div class=\"elementor-container elementor-column-gap-default\">\n\t\t\t\t\t<div class=\"elementor-column elementor-col-100 elementor-top-column elementor-element elementor-element-c77af75\" data-id=\"c77af75\" data-element_type=\"column\" data-e-type=\"column\">\n\t\t\t<div class=\"elementor-widget-wrap elementor-element-populated\">\n\t\t\t\t\t\t<div class=\"elementor-element elementor-element-5086b18 elementor-widget elementor-widget-heading\" data-id=\"5086b18\" data-element_type=\"widget\" data-e-type=\"widget\" data-widget_type=\"heading.default\">\n\t\t\t\t<div class=\"elementor-widget-container\">\n\t\t\t\t\t<h2 class=\"elementor-heading-title elementor-size-default\">Triebel Jagd- und Sportwaffen GmbH<\/h2>\t\t\t\t<\/div>\n\t\t\t\t<\/div>\n\t\t\t\t<div class=\"elementor-element elementor-element-65d5908 elementor-widget elementor-widget-image\" data-id=\"65d5908\" data-element_type=\"widget\" data-e-type=\"widget\" data-widget_type=\"image.default\">\n\t\t\t\t<div class=\"elementor-widget-container\">\n\t\t\t\t\t\t\t\t\t\t\t\t\t\t\t\t<a href=\"https:\/\/sportwaffen-triebel.de\/\" target=\"_blank\">\n\t\t\t\t\t\t\t<img decoding=\"async\" width=\"129\" height=\"116\" src=\"https:\/\/i0.wp.com\/weihnachtenfueralle-spandau.de\/wp-content\/uploads\/2023\/03\/logo_sportwaffen_triebel.png?fit=129%2C116&amp;ssl=1\" class=\"attachment-medium size-medium wp-image-1189\" alt=\"\" \/>\t\t\t\t\t\t\t\t<\/a>\n\t\t\t\t\t\t\t\t\t\t\t\t\t\t\t<\/div>\n\t\t\t\t<\/div>\n\t\t\t\t\t<\/div>\n\t\t<\/div>\n\t\t\t\t\t<\/div>\n\t\t<\/section>\n\t\t\t\t<\/div>\n\t\t","protected":false},"excerpt":{"rendered":"<p>Wir bedanken uns bei unseren Sponsoren und Partnern f\u00fcr die tolle &amp; gro\u00dfz\u00fcgige Unterst\u00fctzung! Triebel Jagd- und Sportwaffen GmbH<\/p>\n","protected":false},"author":1,"featured_media":0,"parent":0,"menu_order":0,"comment_status":"closed","ping_status":"closed","template":"","meta":{"footnotes":""},"class_list":["post-1186","page","type-page","status-publish"],"jetpack_sharing_enabled":false,"_links":{"self":[{"href":"https:\/\/weihnachtenfueralle-spandau.de\/index.php?rest_route=\/wp\/v2\/pages\/1186","targetHints":{"allow":["GET"]}}],"collection":[{"href":"https:\/\/weihnachtenfueralle-spandau.de\/index.php?rest_route=\/wp\/v2\/pages"}],"about":[{"href":"https:\/\/weihnachtenfueralle-spandau.de\/index.php?rest_route=\/wp\/v2\/types\/page"}],"author":[{"embeddable":true,"href":"https:\/\/weihnachtenfueralle-spandau.de\/index.php?rest_route=\/wp\/v2\/users\/1"}],"replies":[{"embeddable":true,"href":"https:\/\/weihnachtenfueralle-spandau.de\/index.php?rest_route=%2Fwp%2Fv2%2Fcomments&post=1186"}],"version-history":[{"count":10,"href":"https:\/\/weihnachtenfueralle-spandau.de\/index.php?rest_route=\/wp\/v2\/pages\/1186\/revisions"}],"predecessor-version":[{"id":1199,"href":"https:\/\/weihnachtenfueralle-spandau.de\/index.php?rest_route=\/wp\/v2\/pages\/1186\/revisions\/1199"}],"wp:attachment":[{"href":"https:\/\/weihnachtenfueralle-spandau.de\/index.php?rest_route=%2Fwp%2Fv2%2Fmedia&parent=1186"}],"curies":[{"name":"wp","href":"https:\/\/api.w.org\/{rel}","templated":true}]}}