{"id":462,"date":"2019-06-11T20:42:14","date_gmt":"2019-06-11T18:42:14","guid":{"rendered":"https:\/\/fitnessclub-spandau.de\/?page_id=462"},"modified":"2021-03-14T10:04:08","modified_gmt":"2021-03-14T09:04:08","slug":"weihnachten-fuer-alle-2018","status":"publish","type":"page","link":"https:\/\/weihnachtenfueralle-spandau.de\/?page_id=462","title":{"rendered":"Weihnachten f\u00fcr Alle 2018"},"content":{"rendered":"<p><img data-recalc-dims=\"1\" fetchpriority=\"high\" decoding=\"async\" class=\"aligncenter wp-image-314 size-full\" src=\"https:\/\/i0.wp.com\/wfa.fitnessclub-spandau.de\/wp-content\/uploads\/2018\/06\/27545132_1267619990006008_890691198216374146_n.jpg?resize=800%2C570&#038;ssl=1\" alt=\"\" width=\"800\" height=\"570\" srcset=\"https:\/\/i0.wp.com\/weihnachtenfueralle-spandau.de\/wp-content\/uploads\/2018\/06\/27545132_1267619990006008_890691198216374146_n.jpg?w=800&amp;ssl=1 800w, https:\/\/i0.wp.com\/weihnachtenfueralle-spandau.de\/wp-content\/uploads\/2018\/06\/27545132_1267619990006008_890691198216374146_n.jpg?resize=300%2C214&amp;ssl=1 300w, https:\/\/i0.wp.com\/weihnachtenfueralle-spandau.de\/wp-content\/uploads\/2018\/06\/27545132_1267619990006008_890691198216374146_n.jpg?resize=768%2C547&amp;ssl=1 768w\" sizes=\"(max-width: 800px) 100vw, 800px\" \/><\/p>\n<div data-title-color=\"#443f3f\" data-headings-color=\"#443f3f\"><\/div>\n<div data-title-color=\"#443f3f\" data-headings-color=\"#443f3f\">\n<p><em><strong>Der Fitness Club Spandau richtet nun bereits das 14. Mal die Aktion Weihnachten f\u00fcr Alle aus.<\/strong><\/em><\/p>\n<p><em><strong>Diese Veranstaltung\u00a0 wird nur aus Spenden finanziert und jeder kann sich beteiligen:<\/strong><\/em><\/p>\n<\/div>\n<div data-title-color=\"#443f3f\" data-headings-color=\"#443f3f\"><\/div>\n<div data-title-color=\"#443f3f\" data-headings-color=\"#443f3f\"><img data-recalc-dims=\"1\" decoding=\"async\" class=\"alignnone size-full wp-image-331 aligncenter\" src=\"https:\/\/i0.wp.com\/wfa.fitnessclub-spandau.de\/wp-content\/uploads\/2018\/11\/Kugelspende.jpg?resize=562%2C600&#038;ssl=1\" alt=\"\" width=\"562\" height=\"600\" srcset=\"https:\/\/i0.wp.com\/weihnachtenfueralle-spandau.de\/wp-content\/uploads\/2018\/11\/Kugelspende.jpg?w=562&amp;ssl=1 562w, https:\/\/i0.wp.com\/weihnachtenfueralle-spandau.de\/wp-content\/uploads\/2018\/11\/Kugelspende.jpg?resize=281%2C300&amp;ssl=1 281w\" sizes=\"(max-width: 562px) 100vw, 562px\" \/><\/div>\n<div data-title-color=\"#443f3f\" data-headings-color=\"#443f3f\"><\/div>\n<div data-title-color=\"#443f3f\" data-headings-color=\"#443f3f\">\n<p><em><strong>Erste M\u00f6glichkeit der Unterst\u00fctzung <\/strong><\/em><\/p>\n<p><em><strong>Weihnachtskugelspende in H\u00f6he von 5,00 Euro. Am Veranstaltungstag erwartet jedem Weihnachtskugelspender eine kleine \u00dcberraschung vom Weihnachtsmann.<\/strong><\/em><\/p>\n<hr \/>\n<\/div>\n<div data-title-color=\"#443f3f\" data-headings-color=\"#443f3f\"><\/div>\n<div data-title-color=\"#443f3f\" data-headings-color=\"#443f3f\"><img data-recalc-dims=\"1\" decoding=\"async\" class=\"alignnone size-full wp-image-333 aligncenter\" src=\"https:\/\/i0.wp.com\/wfa.fitnessclub-spandau.de\/wp-content\/uploads\/2018\/11\/Weihnachtskarte-2018.jpg?resize=624%2C960&#038;ssl=1\" alt=\"\" width=\"624\" height=\"960\" srcset=\"https:\/\/i0.wp.com\/weihnachtenfueralle-spandau.de\/wp-content\/uploads\/2018\/11\/Weihnachtskarte-2018.jpg?w=624&amp;ssl=1 624w, https:\/\/i0.wp.com\/weihnachtenfueralle-spandau.de\/wp-content\/uploads\/2018\/11\/Weihnachtskarte-2018.jpg?resize=195%2C300&amp;ssl=1 195w\" sizes=\"(max-width: 624px) 100vw, 624px\" \/><\/div>\n<div data-title-color=\"#443f3f\" data-headings-color=\"#443f3f\"><\/div>\n<div data-title-color=\"#443f3f\" data-headings-color=\"#443f3f\"><\/div>\n<div data-title-color=\"#443f3f\" data-headings-color=\"#443f3f\"><em><strong>Zweite M\u00f6glichkeit der Unterst\u00fctzung<\/strong><\/em><\/div>\n<div data-title-color=\"#443f3f\" data-headings-color=\"#443f3f\">\n<p><em><strong>Die Weihnachtskarte &#8222;WfA&#8220; mit einem EXTRA WfA Motiv!<br \/>\nEinmal pro Karte a\u00b40,50\u00a0 Spezialdruck 1,00 Euro !<\/strong><\/em><\/p>\n<hr \/>\n<\/div>\n<p><em><strong>Das Weihnachten f\u00fcr Alle 2018 Journal<br \/>\nZum Download auf das Bild klicken.<br \/>\n<\/strong><\/em><\/p>\n<p><a href=\"https:\/\/wfa.fitnessclub-spandau.de\/wp-content\/uploads\/2018\/11\/Weihnachten_fuer_alle_2018_FINALE_Ansicht.pdf\"><img data-recalc-dims=\"1\" loading=\"lazy\" decoding=\"async\" class=\"aligncenter wp-image-340 size-full\" src=\"https:\/\/i0.wp.com\/wfa.fitnessclub-spandau.de\/wp-content\/uploads\/2018\/11\/Unbenannt-1.jpg?resize=605%2C855&#038;ssl=1\" alt=\"\" width=\"605\" height=\"855\" srcset=\"https:\/\/i0.wp.com\/weihnachtenfueralle-spandau.de\/wp-content\/uploads\/2018\/11\/Unbenannt-1.jpg?w=605&amp;ssl=1 605w, https:\/\/i0.wp.com\/weihnachtenfueralle-spandau.de\/wp-content\/uploads\/2018\/11\/Unbenannt-1.jpg?resize=212%2C300&amp;ssl=1 212w\" sizes=\"(max-width: 605px) 100vw, 605px\" \/><\/a><\/p>\n","protected":false},"excerpt":{"rendered":"<p>Der Fitness Club Spandau richtet nun bereits das 14. Mal die Aktion Weihnachten f\u00fcr Alle aus. Diese Veranstaltung\u00a0 wird nur aus Spenden finanziert und jeder kann sich beteiligen: Erste M\u00f6glichkeit der Unterst\u00fctzung Weihnachtskugelspende in H\u00f6he von 5,00 Euro. Am Veranstaltungstag erwartet jedem Weihnachtskugelspender eine kleine \u00dcberraschung vom Weihnachtsmann. Zweite M\u00f6glichkeit der Unterst\u00fctzung Die Weihnachtskarte &#8222;WfA&#8220; mit einem EXTRA WfA Motiv! Einmal pro Karte a\u00b40,50\u00a0 Spezialdruck 1,00 Euro ! Das Weihnachten f\u00fcr Alle 2018 Journal Zum Download auf das Bild klicken.<\/p>\n","protected":false},"author":1,"featured_media":0,"parent":0,"menu_order":0,"comment_status":"closed","ping_status":"closed","template":"","meta":{"footnotes":""},"class_list":["post-462","page","type-page","status-publish"],"jetpack_sharing_enabled":true,"_links":{"self":[{"href":"https:\/\/weihnachtenfueralle-spandau.de\/index.php?rest_route=\/wp\/v2\/pages\/462","targetHints":{"allow":["GET"]}}],"collection":[{"href":"https:\/\/weihnachtenfueralle-spandau.de\/index.php?rest_route=\/wp\/v2\/pages"}],"about":[{"href":"https:\/\/weihnachtenfueralle-spandau.de\/index.php?rest_route=\/wp\/v2\/types\/page"}],"author":[{"embeddable":true,"href":"https:\/\/weihnachtenfueralle-spandau.de\/index.php?rest_route=\/wp\/v2\/users\/1"}],"replies":[{"embeddable":true,"href":"https:\/\/weihnachtenfueralle-spandau.de\/index.php?rest_route=%2Fwp%2Fv2%2Fcomments&post=462"}],"version-history":[{"count":1,"href":"https:\/\/weihnachtenfueralle-spandau.de\/index.php?rest_route=\/wp\/v2\/pages\/462\/revisions"}],"predecessor-version":[{"id":812,"href":"https:\/\/weihnachtenfueralle-spandau.de\/index.php?rest_route=\/wp\/v2\/pages\/462\/revisions\/812"}],"wp:attachment":[{"href":"https:\/\/weihnachtenfueralle-spandau.de\/index.php?rest_route=%2Fwp%2Fv2%2Fmedia&parent=462"}],"curies":[{"name":"wp","href":"https:\/\/api.w.org\/{rel}","templated":true}]}}