{"id":886,"date":"2022-02-06T15:41:58","date_gmt":"2022-02-06T14:41:58","guid":{"rendered":"https:\/\/weihnachtenfueralle-spandau.de\/?page_id=886"},"modified":"2022-02-06T15:50:14","modified_gmt":"2022-02-06T14:50:14","slug":"ihre-spende-an-wfa","status":"publish","type":"page","link":"https:\/\/weihnachtenfueralle-spandau.de\/?page_id=886","title":{"rendered":"Ihre Spende an WfA"},"content":{"rendered":"\n<p>Wenn Sie f\u00fcr WfA spenden m\u00f6chten, dann unterst\u00fctzen Sie uns gerne und wir bedanken uns herzlich.<\/p>\n\n\n\n<p><strong><em>Spendenkonto des Fitnessclubs-Spandau e.V. BIKKS<\/em><\/strong><\/p>\n\n\n\n<p><strong>DE88 1007 0848 0445 5655 00<br>DE49 1007 0024 0806 7886 00<\/strong><\/p>\n\n\n\n<p>Spendenbescheinigung wird nat\u00fcrlich ausgestellt.<\/p>\n\n\n\n<p>WfA sagt herzlichen Dank f\u00fcr die Unterst\u00fctzung<\/p>\n","protected":false},"excerpt":{"rendered":"<p>Wenn Sie f\u00fcr WfA spenden m\u00f6chten, dann unterst\u00fctzen Sie uns gerne und wir bedanken uns herzlich. Spendenkonto des Fitnessclubs-Spandau e.V. BIKKS DE88 1007 0848 0445 5655 00DE49 1007 0024 0806 7886 00 Spendenbescheinigung wird nat\u00fcrlich ausgestellt. WfA sagt herzlichen Dank f\u00fcr die Unterst\u00fctzung<\/p>\n","protected":false},"author":1,"featured_media":0,"parent":0,"menu_order":0,"comment_status":"closed","ping_status":"closed","template":"","meta":{"footnotes":""},"class_list":["post-886","page","type-page","status-publish"],"jetpack_sharing_enabled":false,"_links":{"self":[{"href":"https:\/\/weihnachtenfueralle-spandau.de\/index.php?rest_route=\/wp\/v2\/pages\/886","targetHints":{"allow":["GET"]}}],"collection":[{"href":"https:\/\/weihnachtenfueralle-spandau.de\/index.php?rest_route=\/wp\/v2\/pages"}],"about":[{"href":"https:\/\/weihnachtenfueralle-spandau.de\/index.php?rest_route=\/wp\/v2\/types\/page"}],"author":[{"embeddable":true,"href":"https:\/\/weihnachtenfueralle-spandau.de\/index.php?rest_route=\/wp\/v2\/users\/1"}],"replies":[{"embeddable":true,"href":"https:\/\/weihnachtenfueralle-spandau.de\/index.php?rest_route=%2Fwp%2Fv2%2Fcomments&post=886"}],"version-history":[{"count":2,"href":"https:\/\/weihnachtenfueralle-spandau.de\/index.php?rest_route=\/wp\/v2\/pages\/886\/revisions"}],"predecessor-version":[{"id":891,"href":"https:\/\/weihnachtenfueralle-spandau.de\/index.php?rest_route=\/wp\/v2\/pages\/886\/revisions\/891"}],"wp:attachment":[{"href":"https:\/\/weihnachtenfueralle-spandau.de\/index.php?rest_route=%2Fwp%2Fv2%2Fmedia&parent=886"}],"curies":[{"name":"wp","href":"https:\/\/api.w.org\/{rel}","templated":true}]}}