{"id":930,"date":"2022-04-25T20:56:24","date_gmt":"2022-04-25T18:56:24","guid":{"rendered":"https:\/\/weihnachtenfueralle-spandau.de\/?page_id=930"},"modified":"2022-08-28T11:19:56","modified_gmt":"2022-08-28T09:19:56","slug":"wfa-taler-pyramide","status":"publish","type":"page","link":"https:\/\/weihnachtenfueralle-spandau.de\/?page_id=930","title":{"rendered":"WfA Taler Pyramide"},"content":{"rendered":"\t\t<div data-elementor-type=\"wp-page\" data-elementor-id=\"930\" class=\"elementor elementor-930\" data-elementor-post-type=\"page\">\n\t\t\t\t\t\t<section class=\"elementor-section elementor-top-section elementor-element elementor-element-b514672 elementor-section-boxed elementor-section-height-default elementor-section-height-default\" data-id=\"b514672\" data-element_type=\"section\" data-e-type=\"section\">\n\t\t\t\t\t\t<div class=\"elementor-container elementor-column-gap-default\">\n\t\t\t\t\t<div class=\"elementor-column elementor-col-100 elementor-top-column elementor-element elementor-element-70182e0\" data-id=\"70182e0\" data-element_type=\"column\" data-e-type=\"column\">\n\t\t\t<div class=\"elementor-widget-wrap elementor-element-populated\">\n\t\t\t\t\t\t<div class=\"elementor-element elementor-element-62ca4e1 elementor-widget elementor-widget-text-editor\" data-id=\"62ca4e1\" data-element_type=\"widget\" data-e-type=\"widget\" data-widget_type=\"text-editor.default\">\n\t\t\t\t<div class=\"elementor-widget-container\">\n\t\t\t\t\t\t\t\t\t<p><strong>WfA &#8211; Aktion 2022\u00a0 &#8222;Der WfA Weihnachtstaler&#8220;<\/strong><\/p><p>Leider hat sich nun die Edeka-Gruppe v\u00f6llig aus der Pfand-Bon-Spende zur\u00fcck gezogen. Es wird eine andere soziale Veranstaltung gesponsert.<\/p><p>Wir danken herzlich f\u00fcr die langj\u00e4hrige und gute Zusammenarbeit.<\/p><p>Damit fehlt WfA ca. 2.500,00 bis 3.000,00 Euro. Um diesen Fehlbetrag aufzufangen gibt es die Jahresaktion &#8222;Weihnachtstaler&#8220;<\/p><p>In der Bruno Gehrke Halle h\u00e4ngt im Eingangsbereich eine Wfa Weihnachtstalerbande.<\/p><p>F\u00fcr 10,00 Euro kann man einen WfA &#8211; Weihnachtstaler erwerben. Dieser wird dann auf die Bande geklebt. Weiterhin erh\u00e4lt eine WfA &#8211; Karte, die gut auf zu heben ist.<\/p><p>Insgesamt wurden 500 WfA &#8211; Taler gedruckt.<\/p><p>Wir sind gespannt, was f\u00fcr die Aktion zusammen kommt.\u00a0<\/p>\t\t\t\t\t\t\t\t<\/div>\n\t\t\t\t<\/div>\n\t\t\t\t\t<\/div>\n\t\t<\/div>\n\t\t\t\t\t<\/div>\n\t\t<\/section>\n\t\t\t\t<section class=\"elementor-section elementor-top-section elementor-element elementor-element-5563bed elementor-section-boxed elementor-section-height-default elementor-section-height-default\" data-id=\"5563bed\" data-element_type=\"section\" data-e-type=\"section\">\n\t\t\t\t\t\t<div class=\"elementor-container elementor-column-gap-default\">\n\t\t\t\t\t<div class=\"elementor-column elementor-col-100 elementor-top-column elementor-element elementor-element-43e254e\" data-id=\"43e254e\" data-element_type=\"column\" data-e-type=\"column\">\n\t\t\t<div class=\"elementor-widget-wrap elementor-element-populated\">\n\t\t\t\t\t\t<div class=\"elementor-element elementor-element-5bfc44c elementor-widget elementor-widget-image\" data-id=\"5bfc44c\" data-element_type=\"widget\" data-e-type=\"widget\" data-widget_type=\"image.default\">\n\t\t\t\t<div class=\"elementor-widget-container\">\n\t\t\t\t\t\t\t\t\t\t\t\t\t\t\t<img fetchpriority=\"high\" decoding=\"async\" width=\"724\" height=\"1024\" src=\"https:\/\/i0.wp.com\/weihnachtenfueralle-spandau.de\/wp-content\/uploads\/2022\/04\/TalerPyramide-scaled.jpg?fit=724%2C1024&amp;ssl=1\" class=\"attachment-large size-large wp-image-932\" alt=\"Taler Pyramide\" srcset=\"https:\/\/i0.wp.com\/weihnachtenfueralle-spandau.de\/wp-content\/uploads\/2022\/04\/TalerPyramide-scaled.jpg?w=1810&amp;ssl=1 1810w, https:\/\/i0.wp.com\/weihnachtenfueralle-spandau.de\/wp-content\/uploads\/2022\/04\/TalerPyramide-scaled.jpg?resize=212%2C300&amp;ssl=1 212w, https:\/\/i0.wp.com\/weihnachtenfueralle-spandau.de\/wp-content\/uploads\/2022\/04\/TalerPyramide-scaled.jpg?resize=724%2C1024&amp;ssl=1 724w, https:\/\/i0.wp.com\/weihnachtenfueralle-spandau.de\/wp-content\/uploads\/2022\/04\/TalerPyramide-scaled.jpg?resize=768%2C1086&amp;ssl=1 768w, https:\/\/i0.wp.com\/weihnachtenfueralle-spandau.de\/wp-content\/uploads\/2022\/04\/TalerPyramide-scaled.jpg?resize=1086%2C1536&amp;ssl=1 1086w, https:\/\/i0.wp.com\/weihnachtenfueralle-spandau.de\/wp-content\/uploads\/2022\/04\/TalerPyramide-scaled.jpg?resize=1448%2C2048&amp;ssl=1 1448w, https:\/\/i0.wp.com\/weihnachtenfueralle-spandau.de\/wp-content\/uploads\/2022\/04\/TalerPyramide-scaled.jpg?w=1600&amp;ssl=1 1600w\" sizes=\"(max-width: 724px) 100vw, 724px\" \/>\t\t\t\t\t\t\t\t\t\t\t\t\t\t\t<\/div>\n\t\t\t\t<\/div>\n\t\t\t\t\t<\/div>\n\t\t<\/div>\n\t\t\t\t\t<\/div>\n\t\t<\/section>\n\t\t\t\t<\/div>\n\t\t","protected":false},"excerpt":{"rendered":"<p>WfA &#8211; Aktion 2022&nbsp; &#8222;Der WfA Weihnachtstaler&#8220; Leider hat sich nun die Edeka-Gruppe v\u00f6llig aus der Pfand-Bon-Spende zur\u00fcck gezogen. Es wird eine andere soziale Veranstaltung gesponsert. Wir danken herzlich f\u00fcr die langj\u00e4hrige und gute Zusammenarbeit. Damit fehlt WfA ca. 2.500,00 bis 3.000,00 Euro. Um diesen Fehlbetrag aufzufangen gibt es die Jahresaktion &#8222;Weihnachtstaler&#8220; In der Bruno Gehrke Halle h\u00e4ngt im Eingangsbereich eine Wfa Weihnachtstalerbande. F\u00fcr 10,00 Euro kann man einen WfA &#8211; Weihnachtstaler erwerben. Dieser wird dann auf die Bande geklebt. Weiterhin erh\u00e4lt eine WfA &#8211; Karte, die gut auf zu heben ist. Insgesamt wurden 500 WfA &#8211; Taler gedruckt. Wir sind gespannt, was f\u00fcr die Aktion zusammen kommt.&nbsp;<\/p>\n","protected":false},"author":1,"featured_media":0,"parent":0,"menu_order":0,"comment_status":"closed","ping_status":"closed","template":"","meta":{"footnotes":""},"class_list":["post-930","page","type-page","status-publish"],"jetpack_sharing_enabled":true,"_links":{"self":[{"href":"https:\/\/weihnachtenfueralle-spandau.de\/index.php?rest_route=\/wp\/v2\/pages\/930","targetHints":{"allow":["GET"]}}],"collection":[{"href":"https:\/\/weihnachtenfueralle-spandau.de\/index.php?rest_route=\/wp\/v2\/pages"}],"about":[{"href":"https:\/\/weihnachtenfueralle-spandau.de\/index.php?rest_route=\/wp\/v2\/types\/page"}],"author":[{"embeddable":true,"href":"https:\/\/weihnachtenfueralle-spandau.de\/index.php?rest_route=\/wp\/v2\/users\/1"}],"replies":[{"embeddable":true,"href":"https:\/\/weihnachtenfueralle-spandau.de\/index.php?rest_route=%2Fwp%2Fv2%2Fcomments&post=930"}],"version-history":[{"count":28,"href":"https:\/\/weihnachtenfueralle-spandau.de\/index.php?rest_route=\/wp\/v2\/pages\/930\/revisions"}],"predecessor-version":[{"id":1049,"href":"https:\/\/weihnachtenfueralle-spandau.de\/index.php?rest_route=\/wp\/v2\/pages\/930\/revisions\/1049"}],"wp:attachment":[{"href":"https:\/\/weihnachtenfueralle-spandau.de\/index.php?rest_route=%2Fwp%2Fv2%2Fmedia&parent=930"}],"curies":[{"name":"wp","href":"https:\/\/api.w.org\/{rel}","templated":true}]}}