{"id":988,"date":"2022-06-24T18:58:59","date_gmt":"2022-06-24T16:58:59","guid":{"rendered":"https:\/\/weihnachtenfueralle-spandau.de\/?page_id=988"},"modified":"2022-06-24T19:00:57","modified_gmt":"2022-06-24T17:00:57","slug":"bio-bienenwachskerze","status":"publish","type":"page","link":"https:\/\/weihnachtenfueralle-spandau.de\/?page_id=988","title":{"rendered":"WfA Bio-Bienenwachs-Kerze"},"content":{"rendered":"\t\t<div data-elementor-type=\"wp-page\" data-elementor-id=\"988\" class=\"elementor elementor-988\" data-elementor-post-type=\"page\">\n\t\t\t\t\t\t<section class=\"elementor-section elementor-top-section elementor-element elementor-element-b1cb39c elementor-section-boxed elementor-section-height-default elementor-section-height-default\" data-id=\"b1cb39c\" data-element_type=\"section\" data-e-type=\"section\">\n\t\t\t\t\t\t<div class=\"elementor-container elementor-column-gap-default\">\n\t\t\t\t\t<div class=\"elementor-column elementor-col-100 elementor-top-column elementor-element elementor-element-bc36cab\" data-id=\"bc36cab\" data-element_type=\"column\" data-e-type=\"column\">\n\t\t\t<div class=\"elementor-widget-wrap elementor-element-populated\">\n\t\t\t\t\t\t<div class=\"elementor-element elementor-element-72c9eec elementor-widget elementor-widget-image\" data-id=\"72c9eec\" data-element_type=\"widget\" data-e-type=\"widget\" data-widget_type=\"image.default\">\n\t\t\t\t<div class=\"elementor-widget-container\">\n\t\t\t\t\t\t\t\t\t\t\t\t\t\t\t<img fetchpriority=\"high\" decoding=\"async\" width=\"800\" height=\"516\" src=\"https:\/\/i0.wp.com\/weihnachtenfueralle-spandau.de\/wp-content\/uploads\/2022\/06\/Bienenkerzenaktion.jpg?fit=800%2C516&amp;ssl=1\" class=\"attachment-large size-large wp-image-983\" alt=\"\" srcset=\"https:\/\/i0.wp.com\/weihnachtenfueralle-spandau.de\/wp-content\/uploads\/2022\/06\/Bienenkerzenaktion.jpg?w=800&amp;ssl=1 800w, https:\/\/i0.wp.com\/weihnachtenfueralle-spandau.de\/wp-content\/uploads\/2022\/06\/Bienenkerzenaktion.jpg?resize=300%2C194&amp;ssl=1 300w, https:\/\/i0.wp.com\/weihnachtenfueralle-spandau.de\/wp-content\/uploads\/2022\/06\/Bienenkerzenaktion.jpg?resize=768%2C495&amp;ssl=1 768w\" sizes=\"(max-width: 800px) 100vw, 800px\" \/>\t\t\t\t\t\t\t\t\t\t\t\t\t\t\t<\/div>\n\t\t\t\t<\/div>\n\t\t\t\t\t<\/div>\n\t\t<\/div>\n\t\t\t\t\t<\/div>\n\t\t<\/section>\n\t\t\t\t<section class=\"elementor-section elementor-top-section elementor-element elementor-element-9139f73 elementor-section-boxed elementor-section-height-default elementor-section-height-default\" data-id=\"9139f73\" data-element_type=\"section\" data-e-type=\"section\">\n\t\t\t\t\t\t<div class=\"elementor-container elementor-column-gap-default\">\n\t\t\t\t\t<div class=\"elementor-column elementor-col-100 elementor-top-column elementor-element elementor-element-1cea449\" data-id=\"1cea449\" data-element_type=\"column\" data-e-type=\"column\">\n\t\t\t<div class=\"elementor-widget-wrap elementor-element-populated\">\n\t\t\t\t\t\t<div class=\"elementor-element elementor-element-06fdb37 elementor-widget elementor-widget-text-editor\" data-id=\"06fdb37\" data-element_type=\"widget\" data-e-type=\"widget\" data-widget_type=\"text-editor.default\">\n\t\t\t\t<div class=\"elementor-widget-container\">\n\t\t\t\t\t\t\t\t\t<section class=\"elementor-section elementor-top-section elementor-element elementor-element-726bdcc elementor-section-boxed elementor-section-height-default elementor-section-height-default\" data-id=\"726bdcc\" data-element_type=\"section\">\n\t\t\t\t\t\t<div class=\"elementor-container elementor-column-gap-default\">\n\t\t\t\t\t<div class=\"elementor-column elementor-col-100 elementor-top-column elementor-element elementor-element-d0203c4\" data-id=\"d0203c4\" data-element_type=\"column\">\n\t\t\t<div class=\"elementor-widget-wrap elementor-element-populated\">\n\t\t\t\t\t\t\t\t<div class=\"elementor-element elementor-element-f8f24b9 elementor-widget elementor-widget-text-editor\" data-id=\"f8f24b9\" data-element_type=\"widget\" data-widget_type=\"text-editor.default\">\n\t\t\t\t<div class=\"elementor-widget-container\">\n\t\t\t\t\t\t\t<p style=\"text-align: center;\"><strong><span style=\"color: #3366ff;\">Facebook Spenden Aktion 2022<\/span><\/strong><\/p>\n<p style=\"text-align: center;\">\u201eEin Geschenk\u201c<\/p>\n<p style=\"text-align: center;\">Wie in jedem jahr wollen wir ein WfA Pr\u00e4sent \u00fcber den FB-Aufruf zusammen bekommen.<\/p>\n<p style=\"text-align: center;\">Diesmal geht es um die neue Bio-Bienenwachs-Kerze!<\/p>\n<p style=\"text-align: center;\">F\u00fcr nur 0,53 Euro Spende gibt es eine Kerze.<\/p>\n<p style=\"text-align: center;\">Auf geht`s<\/p>\t\t\t\t\t\t<\/div>\n\t\t\t\t<\/div>\n\t\t\t\t\t<\/div>\n\t\t<\/div>\n\t\t\t\t\t\t\t<\/div>\n\t\t<\/section><p><\/p>\t\t\t\t\t\t\t\t<\/div>\n\t\t\t\t<\/div>\n\t\t\t\t\t<\/div>\n\t\t<\/div>\n\t\t\t\t\t<\/div>\n\t\t<\/section>\n\t\t\t\t<\/div>\n\t\t","protected":false},"excerpt":{"rendered":"<p>Facebook Spenden Aktion 2022 \u201eEin Geschenk\u201c Wie in jedem jahr wollen wir ein WfA Pr\u00e4sent \u00fcber den FB-Aufruf zusammen bekommen. Diesmal geht es um die neue Bio-Bienenwachs-Kerze! F\u00fcr nur 0,53 Euro Spende gibt es eine Kerze. Auf geht`s<\/p>\n","protected":false},"author":1,"featured_media":0,"parent":0,"menu_order":0,"comment_status":"closed","ping_status":"closed","template":"","meta":{"footnotes":""},"class_list":["post-988","page","type-page","status-publish"],"jetpack_sharing_enabled":true,"_links":{"self":[{"href":"https:\/\/weihnachtenfueralle-spandau.de\/index.php?rest_route=\/wp\/v2\/pages\/988","targetHints":{"allow":["GET"]}}],"collection":[{"href":"https:\/\/weihnachtenfueralle-spandau.de\/index.php?rest_route=\/wp\/v2\/pages"}],"about":[{"href":"https:\/\/weihnachtenfueralle-spandau.de\/index.php?rest_route=\/wp\/v2\/types\/page"}],"author":[{"embeddable":true,"href":"https:\/\/weihnachtenfueralle-spandau.de\/index.php?rest_route=\/wp\/v2\/users\/1"}],"replies":[{"embeddable":true,"href":"https:\/\/weihnachtenfueralle-spandau.de\/index.php?rest_route=%2Fwp%2Fv2%2Fcomments&post=988"}],"version-history":[{"count":4,"href":"https:\/\/weihnachtenfueralle-spandau.de\/index.php?rest_route=\/wp\/v2\/pages\/988\/revisions"}],"predecessor-version":[{"id":992,"href":"https:\/\/weihnachtenfueralle-spandau.de\/index.php?rest_route=\/wp\/v2\/pages\/988\/revisions\/992"}],"wp:attachment":[{"href":"https:\/\/weihnachtenfueralle-spandau.de\/index.php?rest_route=%2Fwp%2Fv2%2Fmedia&parent=988"}],"curies":[{"name":"wp","href":"https:\/\/api.w.org\/{rel}","templated":true}]}}